{"id":163,"date":"2021-09-26T15:10:45","date_gmt":"2021-09-26T13:10:45","guid":{"rendered":"https:\/\/www.cinecens.net\/?page_id=163"},"modified":"2026-04-23T15:21:01","modified_gmt":"2026-04-23T13:21:01","slug":"programmation","status":"publish","type":"page","link":"https:\/\/www.cinecens.net\/index.php\/programmation\/","title":{"rendered":"Programmation"},"content":{"rendered":"\n<h1 class=\"wp-block-heading has-text-align-center\">d&rsquo;Avril et Mai<\/h1>\n\n\n\n<h2 class=\"wp-block-heading has-text-align-center\"><mark style=\"background-color:rgba(0, 0, 0, 0)\" class=\"has-inline-color has-accent-color\">&#8212;&#8212;&#8212;&#8212;&#8212;-<\/mark><\/h2>\n\n\n\n<p>Pour r\u00e9server vos soir\u00e9es en ligne, et \u00eatre s\u00fbr de ne rater aucun \u00e9v\u00e8nement Cin\u00e9Cens, c&rsquo;est ici :<\/p>\n\n\n\n<div class=\"wp-block-buttons is-content-justification-center is-layout-flex wp-container-core-buttons-is-layout-16018d1d wp-block-buttons-is-layout-flex\">\n<div class=\"wp-block-button\"><a class=\"wp-block-button__link wp-element-button\" href=\"https:\/\/www.helloasso.com\/associations\/association-cinecens\/evenements\/cinecens-saison-2025-2026\" target=\"_blank\" rel=\"noreferrer noopener\">RESERVATION EN LIGNE<\/a><\/div>\n<\/div>\n\n\n\n<h2 class=\"wp-block-heading has-text-align-center\" id=\"Making-Of\"><mark style=\"background-color:rgba(0, 0, 0, 0)\" class=\"has-inline-color has-accent-color\">&#8212;&#8212;&#8212;&#8212;&#8212;-<\/mark><\/h2>\n\n\n\n<h3 class=\"wp-block-heading\" id=\"No-country-for-old-men\"><mark style=\"background-color:rgba(0, 0, 0, 0);color:#f4e80b\" class=\"has-inline-color\">Cin\u00e9 Avant-Sc\u00e8ne<\/mark>&#8211; Mercredi 29 Avril \u00e0 20h<\/h3>\n\n\n\n<h2 class=\"wp-block-heading has-accent-color has-text-color\">\u00ab\u00a0No country for old men\u00a0\u00bb<\/h2>\n\n\n\n<h4 class=\"wp-block-heading\">de Ethan &amp; Joel Coen (2008, 2h02) &#8211; \u00c0 partir de 16 ans<\/h4>\n\n\n\n<div class=\"wp-block-columns is-layout-flex wp-container-core-columns-is-layout-9d6595d7 wp-block-columns-is-layout-flex\">\n<div class=\"wp-block-column is-layout-flow wp-block-column-is-layout-flow\" style=\"flex-basis:33.33%\"><div class=\"wp-block-image\">\n<figure class=\"aligncenter size-full\"><img decoding=\"async\" src=\"https:\/\/www.cinecens.net\/wp-content\/uploads\/2026\/02\/2026-04-29-Coen-Affiche-film.jpg\" alt=\"\" class=\"wp-image-2183\"\/><\/figure>\n<\/div><\/div>\n\n\n\n<div class=\"wp-block-column is-layout-flow wp-block-column-is-layout-flow\" style=\"flex-basis:66.66%\">\n<figure class=\"wp-block-embed is-type-video is-provider-youtube wp-block-embed-youtube wp-embed-aspect-16-9 wp-has-aspect-ratio\"><div class=\"wp-block-embed__wrapper\">\n<iframe title=\"No Country for Old Men - Non, ce pays n&#039;est pas pour le vieil homme, Bande-annonce 2018\" width=\"580\" height=\"326\" src=\"https:\/\/www.youtube.com\/embed\/-xHXatafYWU?feature=oembed\" frameborder=\"0\" allow=\"accelerometer; autoplay; clipboard-write; encrypted-media; gyroscope; picture-in-picture; web-share\" referrerpolicy=\"strict-origin-when-cross-origin\" allowfullscreen><\/iframe>\n<\/div><\/figure>\n<\/div>\n<\/div>\n\n\n\n<p>Dans le d\u00e9sert du Texas, un chasseur d\u00e9couvre par hasard les restes d\u2019un deal de drogue ayant mal tourn\u00e9 \u2026 et une mallette remplie de dollars. Le sh\u00e9riff, les narcotrafiquants et un tueur sans \u00e2me vont se lancer \u00e0 sa poursuite.<\/p>\n\n\n\n<p><mark style=\"background-color:rgba(0, 0, 0, 0)\" class=\"has-inline-color has-accent-color\"><mark style=\"background-color:rgba(0, 0, 0, 0)\" class=\"has-inline-color has-accent-color\">Cette s\u00e9ance sera pr\u00e9c\u00e9d\u00e9e d&rsquo;un \u00ab\u00a0Avant-Sc\u00e8ne\u00a0\u00bb anim\u00e9 par <a href=\"https:\/\/www.doyoubuzz.com\/alexis-thebaudeau\">Alexis Thebaudeau<\/a>, enseignant et sp\u00e9cialiste du Cin\u00e9ma et qui viendra nous donner les cl\u00e9s pour mieux comprendre ce film culte. <\/mark><\/mark><\/p>\n\n\n\n<p class=\"has-text-color\" style=\"color:#fbe700\">L&rsquo;avis d&rsquo;Alexis Th\u00e9baudeau : \u00ab\u00a0En 2008, avec ce film, les r\u00e9alisateurs, et fr\u00e8res, Joel et Ethan Coen raflait la mise aux Oscars, apr\u00e8s avoir d\u00e9j\u00e0 gagn\u00e9 une Palme d\u2019Or (Barton Fink, en 1991) et avoir encha\u00een\u00e9 les classiques. Un chef-d\u2019\u0153uvre cr\u00e9pusculaire \u00e0 (re)d\u00e9couvrir sur grand \u00e9cran !\u00a0\u00bb<\/p>\n\n\n\n<h2 class=\"wp-block-heading has-text-align-center\"><mark style=\"background-color:rgba(0, 0, 0, 0)\" class=\"has-inline-color has-accent-color\">&#8212;&#8212;&#8212;&#8212;&#8212;<\/mark><\/h2>\n\n\n\n<h3 class=\"wp-block-heading\" id=\"Anatomie-d'une-chute\"><mark style=\"background-color:rgba(0, 0, 0, 0);color:#f4e80b\" class=\"has-inline-color\">Cin\u00e9 Avant-Sc\u00e8ne<\/mark>&#8211; Mercredi 20 Mai \u00e0 20h<\/h3>\n\n\n\n<h2 class=\"wp-block-heading has-accent-color has-text-color\" id=\"Il-\u00e9tait-une-fois-Michel-Legrand\">\u00ab\u00a0Anatomie d&rsquo;une chute\u00a0\u00bb<\/h2>\n\n\n\n<h4 class=\"wp-block-heading\">de Justine Triet (2023, 2h30) &#8211; \u00c0 partir de 12 ans<\/h4>\n\n\n\n<div class=\"wp-block-columns is-layout-flex wp-container-core-columns-is-layout-9d6595d7 wp-block-columns-is-layout-flex\">\n<div class=\"wp-block-column is-layout-flow wp-block-column-is-layout-flow\" style=\"flex-basis:33.33%\"><div class=\"wp-block-image\">\n<figure class=\"aligncenter size-full\"><img decoding=\"async\" src=\"https:\/\/www.cinecens.net\/wp-content\/uploads\/2026\/04\/2026-05-20-Anatomie-Affiche-film.webp\" alt=\"\" class=\"wp-image-2239\"\/><\/figure>\n<\/div><\/div>\n\n\n\n<div class=\"wp-block-column is-layout-flow wp-block-column-is-layout-flow\" style=\"flex-basis:66.66%\">\n<figure class=\"wp-block-embed is-type-video is-provider-youtube wp-block-embed-youtube wp-embed-aspect-16-9 wp-has-aspect-ratio\"><div class=\"wp-block-embed__wrapper\">\n<iframe title=\"Anatomie d&#039;une chute | Bande-annonce\" width=\"580\" height=\"326\" src=\"https:\/\/www.youtube.com\/embed\/4vomBbFSs8g?feature=oembed\" frameborder=\"0\" allow=\"accelerometer; autoplay; clipboard-write; encrypted-media; gyroscope; picture-in-picture; web-share\" referrerpolicy=\"strict-origin-when-cross-origin\" allowfullscreen><\/iframe>\n<\/div><\/figure>\n<\/div>\n<\/div>\n\n\n\n<p>\u00ab\u00a0Qu&rsquo;est-ce que vous voulez savoir ?\u00a0\u00bb Sandra, \u00e9crivain allemande reconnue, interview\u00e9e par une \u00e9tudiante chez elle, un chalet isol\u00e9 \u00e0 la montagne. Son fils de 11 ans, malvoyant, s&rsquo;occupe du chien. \u00c0 l&rsquo;\u00e9tage son mari travaille. Ou il fait semblant, poussant le volume de la musique \u00e0 fond. Le spectateur en saura beaucoup sur Sandra. Sa vie priv\u00e9e, son travail, ses infid\u00e9lit\u00e9s, tout son linge, sale ou propre, sera d\u00e9ball\u00e9 sur la place publique au cours de son proc\u00e8s. Elle est accus\u00e9e d&rsquo;avoir tu\u00e9 son mari, retrouv\u00e9 le cr\u00e2ne fracass\u00e9 au pied de leur chalet. Suicide ou homicide ? Mais \u00e0 la fin, la v\u00e9rit\u00e9 se d\u00e9robe. Un doute subsiste. On le doit \u00e0 l&rsquo;interpr\u00e9tation de Sandra H\u00fcller, implacable, opaque, r\u00e9tive \u00e0 toute concession. On le doit surtout \u00e0 l&rsquo;\u00e9criture et \u00e0 la mise en sc\u00e8ne de Justine Triet. De l&rsquo;interview journalistique \u00e0 l&rsquo;interrogatoire judiciaire, la parole n&rsquo;est jamais neutre dans Anatomie d&rsquo;une chute. Elle instaure un rapport de force. Si Triet aime tant filmer les tribunaux c&rsquo;est par go\u00fbt de la joute oratoire, forme qui assume pleinement le sens du combat.<\/p>\n\n\n\n<p><mark style=\"background-color:rgba(0, 0, 0, 0)\" class=\"has-inline-color has-accent-color\">Cette s\u00e9ance sera pr\u00e9c\u00e9d\u00e9e d&rsquo;un \u00ab\u00a0Avant-Sc\u00e8ne\u00a0\u00bb anim\u00e9 par <a href=\"https:\/\/www.doyoubuzz.com\/alexis-thebaudeau\">Alexis Thebaudeau<\/a>, enseignant et sp\u00e9cialiste du Cin\u00e9ma et qui viendra nous donner les cl\u00e9s pour mieux comprendre ce film prim\u00e9 \u00e0 Cannes. <\/mark><\/p>\n\n\n\n<p class=\"has-text-color\" style=\"color:#fbe700\">L&rsquo;avis de Jean-Yves (Cin\u00e9Cens) : \u00ab\u00a0Suicide ou meurtre ? A la fin du film, la v\u00e9rit\u00e9 se d\u00e9robe. Un doute subsiste. On le doit \u00e0 l&rsquo;interpr\u00e9tation de Sandra H\u00fcller, implacable, opaque, r\u00e9tive \u00e0 toute concession. Et surtout \u00e0 l&rsquo;\u00e9criture et \u00e0 la mise en sc\u00e8ne de Justine Triet &amp; A Harari.\u00a0\u00bb<\/p>\n\n\n\n<p>Pour r\u00e9server vos soir\u00e9es en ligne, et \u00eatre s\u00fbr de ne rater aucun \u00e9v\u00e9nement Cin\u00e9Cens, c&rsquo;est ici :<\/p>\n\n\n\n<h2 class=\"wp-block-heading has-text-align-center\"><mark style=\"background-color:rgba(0, 0, 0, 0)\" class=\"has-inline-color has-accent-color\">&#8212;&#8212;&#8212;&#8212;&#8212;<\/mark><\/h2>\n\n\n\n<div class=\"wp-block-buttons is-content-justification-center is-layout-flex wp-container-core-buttons-is-layout-16018d1d wp-block-buttons-is-layout-flex\">\n<div class=\"wp-block-button\"><a class=\"wp-block-button__link wp-element-button\" href=\"https:\/\/www.helloasso.com\/associations\/association-cinecens\/evenements\/cinecens-saison-2025-2026\" target=\"_blank\" rel=\"noreferrer noopener\">RESERVATION EN LIGNE<\/a><\/div>\n<\/div>\n","protected":false},"excerpt":{"rendered":"<p>d&rsquo;Avril et Mai &#8212;&#8212;&#8212;&#8212;&#8212;- Pour r\u00e9server vos soir\u00e9es en ligne, et \u00eatre s\u00fbr de ne rater aucun \u00e9v\u00e8nement Cin\u00e9Cens, c&rsquo;est ici : &#8212;&#8212;&#8212;&#8212;&#8212;- Cin\u00e9 Avant-Sc\u00e8ne&#8211; Mercredi 29 Avril \u00e0 20h \u00ab\u00a0No country for old men\u00a0\u00bb de Ethan &amp; Joel Coen (2008, 2h02) &#8211; \u00c0 partir de 16 ans Dans le d\u00e9sert du Texas, un chasseur [&hellip;]<\/p>\n","protected":false},"author":4,"featured_media":0,"parent":0,"menu_order":0,"comment_status":"closed","ping_status":"closed","template":"","meta":{"footnotes":""},"class_list":["post-163","page","type-page","status-publish","hentry"],"yoast_head":"<!-- This site is optimized with the Yoast SEO plugin v27.4 - https:\/\/yoast.com\/product\/yoast-seo-wordpress\/ -->\n<title>Programmation - Cin\u00e9Cens<\/title>\n<meta name=\"robots\" content=\"index, follow, max-snippet:-1, max-image-preview:large, max-video-preview:-1\" \/>\n<link rel=\"canonical\" href=\"https:\/\/www.cinecens.net\/index.php\/programmation\/\" \/>\n<meta property=\"og:locale\" content=\"fr_FR\" \/>\n<meta property=\"og:type\" content=\"article\" \/>\n<meta property=\"og:title\" content=\"Programmation - Cin\u00e9Cens\" \/>\n<meta property=\"og:description\" content=\"d&rsquo;Avril et Mai &#8212;&#8212;&#8212;&#8212;&#8212;- Pour r\u00e9server vos soir\u00e9es en ligne, et \u00eatre s\u00fbr de ne rater aucun \u00e9v\u00e8nement Cin\u00e9Cens, c&rsquo;est ici : &#8212;&#8212;&#8212;&#8212;&#8212;- Cin\u00e9 Avant-Sc\u00e8ne&#8211; Mercredi 29 Avril \u00e0 20h \u00ab\u00a0No country for old men\u00a0\u00bb de Ethan &amp; Joel Coen (2008, 2h02) &#8211; \u00c0 partir de 16 ans Dans le d\u00e9sert du Texas, un chasseur [&hellip;]\" \/>\n<meta property=\"og:url\" content=\"https:\/\/www.cinecens.net\/index.php\/programmation\/\" \/>\n<meta property=\"og:site_name\" content=\"Cin\u00e9Cens\" \/>\n<meta property=\"article:publisher\" content=\"https:\/\/www.facebook.com\/RetailVR.officiel\" \/>\n<meta property=\"article:modified_time\" content=\"2026-04-23T13:21:01+00:00\" \/>\n<meta property=\"og:image\" content=\"https:\/\/www.cinecens.net\/wp-content\/uploads\/2026\/02\/2026-04-29-Coen-Affiche-film-e1770659913795.jpg\" \/>\n\t<meta property=\"og:image:width\" content=\"300\" \/>\n\t<meta property=\"og:image:height\" content=\"450\" \/>\n\t<meta property=\"og:image:type\" content=\"image\/jpeg\" \/>\n<meta name=\"twitter:card\" content=\"summary_large_image\" \/>\n<meta name=\"twitter:label1\" content=\"Dur\u00e9e de lecture estim\u00e9e\" \/>\n\t<meta name=\"twitter:data1\" content=\"3 minutes\" \/>\n<script type=\"application\/ld+json\" class=\"yoast-schema-graph\">{\"@context\":\"https:\\\/\\\/schema.org\",\"@graph\":[{\"@type\":\"WebPage\",\"@id\":\"https:\\\/\\\/www.cinecens.net\\\/index.php\\\/programmation\\\/\",\"url\":\"https:\\\/\\\/www.cinecens.net\\\/index.php\\\/programmation\\\/\",\"name\":\"Programmation - Cin\u00e9Cens\",\"isPartOf\":{\"@id\":\"https:\\\/\\\/www.cinecens.net\\\/#website\"},\"primaryImageOfPage\":{\"@id\":\"https:\\\/\\\/www.cinecens.net\\\/index.php\\\/programmation\\\/#primaryimage\"},\"image\":{\"@id\":\"https:\\\/\\\/www.cinecens.net\\\/index.php\\\/programmation\\\/#primaryimage\"},\"thumbnailUrl\":\"https:\\\/\\\/www.cinecens.net\\\/wp-content\\\/uploads\\\/2026\\\/02\\\/2026-04-29-Coen-Affiche-film.jpg\",\"datePublished\":\"2021-09-26T13:10:45+00:00\",\"dateModified\":\"2026-04-23T13:21:01+00:00\",\"breadcrumb\":{\"@id\":\"https:\\\/\\\/www.cinecens.net\\\/index.php\\\/programmation\\\/#breadcrumb\"},\"inLanguage\":\"fr-FR\",\"potentialAction\":[{\"@type\":\"ReadAction\",\"target\":[\"https:\\\/\\\/www.cinecens.net\\\/index.php\\\/programmation\\\/\"]}]},{\"@type\":\"ImageObject\",\"inLanguage\":\"fr-FR\",\"@id\":\"https:\\\/\\\/www.cinecens.net\\\/index.php\\\/programmation\\\/#primaryimage\",\"url\":\"https:\\\/\\\/www.cinecens.net\\\/wp-content\\\/uploads\\\/2026\\\/02\\\/2026-04-29-Coen-Affiche-film-e1770659913795.jpg\",\"contentUrl\":\"https:\\\/\\\/www.cinecens.net\\\/wp-content\\\/uploads\\\/2026\\\/02\\\/2026-04-29-Coen-Affiche-film-e1770659913795.jpg\",\"width\":300,\"height\":450},{\"@type\":\"BreadcrumbList\",\"@id\":\"https:\\\/\\\/www.cinecens.net\\\/index.php\\\/programmation\\\/#breadcrumb\",\"itemListElement\":[{\"@type\":\"ListItem\",\"position\":1,\"name\":\"Accueil\",\"item\":\"https:\\\/\\\/www.cinecens.net\\\/\"},{\"@type\":\"ListItem\",\"position\":2,\"name\":\"Programmation\"}]},{\"@type\":\"WebSite\",\"@id\":\"https:\\\/\\\/www.cinecens.net\\\/#website\",\"url\":\"https:\\\/\\\/www.cinecens.net\\\/\",\"name\":\"Cin\u00e9Cens\",\"description\":\"Cin\u00e9-Club Orvault\",\"publisher\":{\"@id\":\"https:\\\/\\\/www.cinecens.net\\\/#organization\"},\"potentialAction\":[{\"@type\":\"SearchAction\",\"target\":{\"@type\":\"EntryPoint\",\"urlTemplate\":\"https:\\\/\\\/www.cinecens.net\\\/?s={search_term_string}\"},\"query-input\":{\"@type\":\"PropertyValueSpecification\",\"valueRequired\":true,\"valueName\":\"search_term_string\"}}],\"inLanguage\":\"fr-FR\"},{\"@type\":\"Organization\",\"@id\":\"https:\\\/\\\/www.cinecens.net\\\/#organization\",\"name\":\"Cin\u00e9Cens\",\"url\":\"https:\\\/\\\/www.cinecens.net\\\/\",\"logo\":{\"@type\":\"ImageObject\",\"inLanguage\":\"fr-FR\",\"@id\":\"https:\\\/\\\/www.cinecens.net\\\/#\\\/schema\\\/logo\\\/image\\\/\",\"url\":\"https:\\\/\\\/www.cinecens.net\\\/wp-content\\\/uploads\\\/2021\\\/08\\\/cropped-Logo-CineCens.png\",\"contentUrl\":\"https:\\\/\\\/www.cinecens.net\\\/wp-content\\\/uploads\\\/2021\\\/08\\\/cropped-Logo-CineCens.png\",\"width\":500,\"height\":424,\"caption\":\"Cin\u00e9Cens\"},\"image\":{\"@id\":\"https:\\\/\\\/www.cinecens.net\\\/#\\\/schema\\\/logo\\\/image\\\/\"},\"sameAs\":[\"https:\\\/\\\/www.facebook.com\\\/RetailVR.officiel\",\"https:\\\/\\\/www.instagram.com\\\/CineCens\\\/\"]}]}<\/script>\n<!-- \/ Yoast SEO plugin. -->","yoast_head_json":{"title":"Programmation - Cin\u00e9Cens","robots":{"index":"index","follow":"follow","max-snippet":"max-snippet:-1","max-image-preview":"max-image-preview:large","max-video-preview":"max-video-preview:-1"},"canonical":"https:\/\/www.cinecens.net\/index.php\/programmation\/","og_locale":"fr_FR","og_type":"article","og_title":"Programmation - Cin\u00e9Cens","og_description":"d&rsquo;Avril et Mai &#8212;&#8212;&#8212;&#8212;&#8212;- Pour r\u00e9server vos soir\u00e9es en ligne, et \u00eatre s\u00fbr de ne rater aucun \u00e9v\u00e8nement Cin\u00e9Cens, c&rsquo;est ici : &#8212;&#8212;&#8212;&#8212;&#8212;- Cin\u00e9 Avant-Sc\u00e8ne&#8211; Mercredi 29 Avril \u00e0 20h \u00ab\u00a0No country for old men\u00a0\u00bb de Ethan &amp; Joel Coen (2008, 2h02) &#8211; \u00c0 partir de 16 ans Dans le d\u00e9sert du Texas, un chasseur [&hellip;]","og_url":"https:\/\/www.cinecens.net\/index.php\/programmation\/","og_site_name":"Cin\u00e9Cens","article_publisher":"https:\/\/www.facebook.com\/RetailVR.officiel","article_modified_time":"2026-04-23T13:21:01+00:00","og_image":[{"width":300,"height":450,"url":"https:\/\/www.cinecens.net\/wp-content\/uploads\/2026\/02\/2026-04-29-Coen-Affiche-film-e1770659913795.jpg","type":"image\/jpeg"}],"twitter_card":"summary_large_image","twitter_misc":{"Dur\u00e9e de lecture estim\u00e9e":"3 minutes"},"schema":{"@context":"https:\/\/schema.org","@graph":[{"@type":"WebPage","@id":"https:\/\/www.cinecens.net\/index.php\/programmation\/","url":"https:\/\/www.cinecens.net\/index.php\/programmation\/","name":"Programmation - Cin\u00e9Cens","isPartOf":{"@id":"https:\/\/www.cinecens.net\/#website"},"primaryImageOfPage":{"@id":"https:\/\/www.cinecens.net\/index.php\/programmation\/#primaryimage"},"image":{"@id":"https:\/\/www.cinecens.net\/index.php\/programmation\/#primaryimage"},"thumbnailUrl":"https:\/\/www.cinecens.net\/wp-content\/uploads\/2026\/02\/2026-04-29-Coen-Affiche-film.jpg","datePublished":"2021-09-26T13:10:45+00:00","dateModified":"2026-04-23T13:21:01+00:00","breadcrumb":{"@id":"https:\/\/www.cinecens.net\/index.php\/programmation\/#breadcrumb"},"inLanguage":"fr-FR","potentialAction":[{"@type":"ReadAction","target":["https:\/\/www.cinecens.net\/index.php\/programmation\/"]}]},{"@type":"ImageObject","inLanguage":"fr-FR","@id":"https:\/\/www.cinecens.net\/index.php\/programmation\/#primaryimage","url":"https:\/\/www.cinecens.net\/wp-content\/uploads\/2026\/02\/2026-04-29-Coen-Affiche-film-e1770659913795.jpg","contentUrl":"https:\/\/www.cinecens.net\/wp-content\/uploads\/2026\/02\/2026-04-29-Coen-Affiche-film-e1770659913795.jpg","width":300,"height":450},{"@type":"BreadcrumbList","@id":"https:\/\/www.cinecens.net\/index.php\/programmation\/#breadcrumb","itemListElement":[{"@type":"ListItem","position":1,"name":"Accueil","item":"https:\/\/www.cinecens.net\/"},{"@type":"ListItem","position":2,"name":"Programmation"}]},{"@type":"WebSite","@id":"https:\/\/www.cinecens.net\/#website","url":"https:\/\/www.cinecens.net\/","name":"Cin\u00e9Cens","description":"Cin\u00e9-Club Orvault","publisher":{"@id":"https:\/\/www.cinecens.net\/#organization"},"potentialAction":[{"@type":"SearchAction","target":{"@type":"EntryPoint","urlTemplate":"https:\/\/www.cinecens.net\/?s={search_term_string}"},"query-input":{"@type":"PropertyValueSpecification","valueRequired":true,"valueName":"search_term_string"}}],"inLanguage":"fr-FR"},{"@type":"Organization","@id":"https:\/\/www.cinecens.net\/#organization","name":"Cin\u00e9Cens","url":"https:\/\/www.cinecens.net\/","logo":{"@type":"ImageObject","inLanguage":"fr-FR","@id":"https:\/\/www.cinecens.net\/#\/schema\/logo\/image\/","url":"https:\/\/www.cinecens.net\/wp-content\/uploads\/2021\/08\/cropped-Logo-CineCens.png","contentUrl":"https:\/\/www.cinecens.net\/wp-content\/uploads\/2021\/08\/cropped-Logo-CineCens.png","width":500,"height":424,"caption":"Cin\u00e9Cens"},"image":{"@id":"https:\/\/www.cinecens.net\/#\/schema\/logo\/image\/"},"sameAs":["https:\/\/www.facebook.com\/RetailVR.officiel","https:\/\/www.instagram.com\/CineCens\/"]}]}},"_links":{"self":[{"href":"https:\/\/www.cinecens.net\/index.php\/wp-json\/wp\/v2\/pages\/163","targetHints":{"allow":["GET"]}}],"collection":[{"href":"https:\/\/www.cinecens.net\/index.php\/wp-json\/wp\/v2\/pages"}],"about":[{"href":"https:\/\/www.cinecens.net\/index.php\/wp-json\/wp\/v2\/types\/page"}],"author":[{"embeddable":true,"href":"https:\/\/www.cinecens.net\/index.php\/wp-json\/wp\/v2\/users\/4"}],"replies":[{"embeddable":true,"href":"https:\/\/www.cinecens.net\/index.php\/wp-json\/wp\/v2\/comments?post=163"}],"version-history":[{"count":359,"href":"https:\/\/www.cinecens.net\/index.php\/wp-json\/wp\/v2\/pages\/163\/revisions"}],"predecessor-version":[{"id":2244,"href":"https:\/\/www.cinecens.net\/index.php\/wp-json\/wp\/v2\/pages\/163\/revisions\/2244"}],"wp:attachment":[{"href":"https:\/\/www.cinecens.net\/index.php\/wp-json\/wp\/v2\/media?parent=163"}],"curies":[{"name":"wp","href":"https:\/\/api.w.org\/{rel}","templated":true}]}}